{"id":38,"date":"2022-04-05T16:30:06","date_gmt":"2022-04-05T16:30:06","guid":{"rendered":"https:\/\/escueladronescantabria.com\/tienda\/?post_type=product&#038;p=38"},"modified":"2022-07-10T06:43:47","modified_gmt":"2022-07-10T06:43:47","slug":"pack-curso-categoria-abierta","status":"publish","type":"product","link":"https:\/\/escueladronescantabria.com\/tienda\/producto\/pack-curso-categoria-abierta\/","title":{"rendered":"Pack Curso categoria abierta"},"content":{"rendered":"<p><strong>Con el Pack\u00a0 Curso\u00a0 Categor\u00eda abierta Nivel 1 ( A1\/A3 ) Piloto de Drones Nivel 2 (A2), obt\u00e9n tu certificado Oficial de \u00abCOMPETENCIA DE PILOTO A DISTANCIA\u00bb emitido por la Agencia Estatal de Seguridad A\u00e9rea (AESA)<\/strong>, <strong>que te permitir\u00e1 pilotar drones de la clase C2 de hasta 4 Kg en la categor\u00eda ABIERTA,<\/strong>\u00a0<strong>subcategor\u00eda A1\/A3 y A2,\u00a0v\u00e1lido en toda la Uni\u00f3n Europea.<\/strong><\/p>\n<h3><strong>Caracter\u00edsticas del curso<\/strong><\/h3>\n<ul>\n<li>Modalidad 100%.\u00a0Estudia a tu ritmo, desde donde quieras.<\/li>\n<li>Se realiza en la plataforma formativa de Drones Cantabria, donde dispondr\u00e1s de todo el temario te\u00f3rico y material necesario para superar el examen oficial de AESA.<\/li>\n<li>Se compone de 3 materias.<\/li>\n<li>Hay que superar un examen online de conocimientos te\u00f3ricos,\u00a0que se compone de 30 preguntas de opci\u00f3n m\u00faltiple, debiendo obtener m\u00e1s del 75% de aciertos.<\/li>\n<li>Requiere formaci\u00f3n autopr\u00e1ctica por parte del piloto a distancia.<\/li>\n<li>Horas lectivas: 25 aprox.<\/li>\n<\/ul>\n<h3><strong>No he volado nunca un dron, \u00bfpuedo hacer pr\u00e1cticas de vuelo?<\/strong><\/h3>\n<p>Si nunca has pilotado un dron o ves que necesitas adquirir una pericia suficiente que te permita volar con seguridad, tienes la posibilidad de realizar pr\u00e1cticas de vuelo con nosotros.<\/p>\n<p>En funci\u00f3n de las horas de pr\u00e1cticas el precio del curso preparatorio para la obtenci\u00f3n del certificado de competencia de piloto a distancia A2 var\u00eda:<\/p>\n<ul>\n<li>No quiero hacer pr\u00e1cticas: 240 \u20ac<\/li>\n<li>1 hora de formaci\u00f3n pr\u00e1ctica: 270 \u20ac<\/li>\n<li>2 horas de formaci\u00f3n pr\u00e1ctica: 300 \u20ac<\/li>\n<\/ul>\n<p><strong>\u00bfPor qu\u00e9 realizarlo con Drones Cantabria?<\/strong><\/p>\n<ul>\n<li>Dispones de extenso banco de preguntas similares a los de AESA donde podr\u00e1s practicar antes de realizar el examen te\u00f3rico oficial.<\/li>\n<li>Si no apruebas el examen, no tienes que volver a pagar nada m\u00e1s.<\/li>\n<li>Tienes a tu disposici\u00f3n a los mejores profesionales del sector.<\/li>\n<li>Posibilidad de asistir a clases presenciales.<\/li>\n<li>Posibilidad de realizar la formaci\u00f3n pr\u00e1ctica en vuelo con nosotros (formaci\u00f3n autopr\u00e1ctica).<\/li>\n<li><em><strong>Si posteriormente decides pasar al Nivel 3, te descontamos lo pagado del curso de Nivel 2 a excepci\u00f3n del importe de las pr\u00e1cticas de vuelo<\/strong>\u00a0(oferta v\u00e1lida siempre que no transcurran m\u00e1s de 3 meses naturales desde la fecha en que obtengas el certificado de competencia de piloto a distancia A2. ).<\/em><\/li>\n<\/ul>\n","protected":false},"excerpt":{"rendered":"<p><strong>Con el Pack\u00a0 Curso\u00a0 Categor\u00eda abierta Nivel 1 ( A1\/A3 ) Piloto de Drones Nivel 2 (A2), obt\u00e9n tu certificado Oficial de \u00abCOMPETENCIA DE PILOTO A DISTANCIA\u00bb emitido por la Agencia Estatal de Seguridad A\u00e9rea (AESA)<\/strong>, <strong>que te permitir\u00e1 pilotar drones de la clase C2 de hasta 4 Kg en la categor\u00eda ABIERTA,<\/strong>\u00a0<strong>subcategor\u00eda A1\/A3 y A2,\u00a0v\u00e1lido en toda la Uni\u00f3n Europea.<\/strong><\/p>\n","protected":false},"featured_media":169,"comment_status":"closed","ping_status":"closed","template":"","meta":[],"product_cat":[18],"product_tag":[],"class_list":{"0":"post-38","1":"product","2":"type-product","3":"status-publish","4":"has-post-thumbnail","6":"product_cat-curso-pack-avanzado","8":"first","9":"instock","10":"virtual","11":"purchasable","12":"product-type-simple"},"_links":{"self":[{"href":"https:\/\/escueladronescantabria.com\/tienda\/wp-json\/wp\/v2\/product\/38","targetHints":{"allow":["GET"]}}],"collection":[{"href":"https:\/\/escueladronescantabria.com\/tienda\/wp-json\/wp\/v2\/product"}],"about":[{"href":"https:\/\/escueladronescantabria.com\/tienda\/wp-json\/wp\/v2\/types\/product"}],"replies":[{"embeddable":true,"href":"https:\/\/escueladronescantabria.com\/tienda\/wp-json\/wp\/v2\/comments?post=38"}],"wp:featuredmedia":[{"embeddable":true,"href":"https:\/\/escueladronescantabria.com\/tienda\/wp-json\/wp\/v2\/media\/169"}],"wp:attachment":[{"href":"https:\/\/escueladronescantabria.com\/tienda\/wp-json\/wp\/v2\/media?parent=38"}],"wp:term":[{"taxonomy":"product_cat","embeddable":true,"href":"https:\/\/escueladronescantabria.com\/tienda\/wp-json\/wp\/v2\/product_cat?post=38"},{"taxonomy":"product_tag","embeddable":true,"href":"https:\/\/escueladronescantabria.com\/tienda\/wp-json\/wp\/v2\/product_tag?post=38"}],"curies":[{"name":"wp","href":"https:\/\/api.w.org\/{rel}","templated":true}]}}