{"id":75,"date":"2022-04-10T21:03:41","date_gmt":"2022-04-10T21:03:41","guid":{"rendered":"https:\/\/escueladronescantabria.com\/tienda\/?post_type=product&#038;p=75"},"modified":"2026-01-31T13:52:22","modified_gmt":"2026-01-31T13:52:22","slug":"curso-de-radiofonista","status":"publish","type":"product","link":"https:\/\/escueladronescantabria.com\/tienda\/producto\/curso-de-radiofonista\/","title":{"rendered":"Curso de Radiofonista"},"content":{"rendered":"<h4 data-elementor-setting-key=\"title\" data-pen-placeholder=\"Teclea aqu\u00ed...\"><span style=\"color: #000000;\"><strong>Curso oficial de radiofonista profesional para drones AESA.<\/strong><\/span><\/h4>\n<h4><span style=\"color: #000000;\"><b>T\u00edtulo Oficial de Radiofonista para pilotos de Drones<\/b>\u00a0<strong>que pretendan realizar<\/strong>\u00a0<b>operaciones a\u00e9reas especializadas en espacio a\u00e9reo controlado (zonas CTR).<\/b><\/span><\/h4>\n<div class=\"elementor-element elementor-element-be615ba elementor-widget elementor-widget-text-editor\" data-id=\"be615ba\" data-element_type=\"widget\" data-widget_type=\"text-editor.default\">\n<div class=\"elementor-widget-container\">\n<div class=\"elementor-text-editor elementor-clearfix\">\n<h4><span style=\"color: #000000;\"><strong>El Certificado Oficial de Radiofonista Profesional para Drones AESA te capacita para comunicarse con la torre de control de un aeropuerto o con otras naves que est\u00e9n volando en la zona. Este certificado es necesario para la realizaci\u00f3n de vuelos en espacio a\u00e9reo controlado.<\/strong><\/span><\/h4>\n<\/div>\n<\/div>\n<\/div>\n<div class=\"elementor-widget-container\">\n<div class=\"elementor-text-editor elementor-clearfix\">\n<p>Este\u00a0<strong>Curso Oficial de Radiofonista Profesional para Drones AESA<\/strong>\u00a0es una certificaci\u00f3n\u00a0<strong>indispensable<\/strong>\u00a0para aquellas personas que quieren poder\u00a0<strong>operar en un espacio a\u00e9reo controlado<\/strong>\u00a0y quieren obtener la acreditaci\u00f3n oficial de la\u00a0<strong><a href=\"https:\/\/www.seguridadaerea.gob.es\/es\/ambitos\/drones\" target=\"_blank\" rel=\"noopener\">Agencia Estatal de Seguridad A\u00e9rea, AESA<\/a><\/strong>.<\/p>\n<\/div>\n<\/div>\n<div class=\"elementor-element elementor-element-f6920d1 elementor-widget elementor-widget-text-editor\" data-id=\"f6920d1\" data-element_type=\"widget\" data-widget_type=\"text-editor.default\">\n<div class=\"elementor-widget-container\">\n<div class=\"elementor-text-editor elementor-clearfix\">\n<h4><span style=\"color: #000000;\">Los objetivos del curso profesional es obtener los conocimientos necesarios para\u00a0<strong>poder realizar comunicaciones<\/strong>\u00a0<strong>con<\/strong>\u00a0<strong>servicios aeroportuarios, torre de control de un aeropuerto<\/strong>\u00a0o incluso con otras aeronaves que utilicen el mismo espacio.<\/span><\/h4>\n<\/div>\n<\/div>\n<\/div>\n<section class=\"elementor-section elementor-inner-section elementor-element elementor-element-fa26e0e elementor-section-boxed elementor-section-height-default elementor-section-height-default\" data-id=\"fa26e0e\" data-element_type=\"section\">\n<div class=\"elementor-container elementor-column-gap-default\">\n<div class=\"elementor-row\">\n<div class=\"elementor-column elementor-col-50 elementor-inner-column elementor-element elementor-element-e6be481\" data-id=\"e6be481\" data-element_type=\"column\">\n<div class=\"elementor-column-wrap elementor-element-populated\">\n<div class=\"elementor-widget-wrap\">\n<div class=\"elementor-element elementor-element-cff27da elementor-widget elementor-widget-heading animated fadeInLeft\" data-id=\"cff27da\" data-element_type=\"widget\" data-settings=\"{&quot;_animation&quot;:&quot;fadeInLeft&quot;}\" data-widget_type=\"heading.default\">\n<div class=\"elementor-widget-container\">\n<h2 class=\"elementor-heading-title elementor-size-default\"><span style=\"color: #000000;\"><strong>REQUISITOS<\/strong><\/span><\/h2>\n<\/div>\n<\/div>\n<\/div>\n<\/div>\n<\/div>\n<div class=\"elementor-column elementor-col-50 elementor-inner-column elementor-element elementor-element-12b2927 animated fadeInRight\" data-id=\"12b2927\" data-element_type=\"column\" data-settings=\"{&quot;animation&quot;:&quot;fadeInRight&quot;}\">\n<div class=\"elementor-column-wrap elementor-element-populated\">\n<div class=\"elementor-widget-wrap\">\n<div class=\"elementor-element elementor-element-c28ea63 elementor-widget-divider--separator-type-pattern elementor-widget-divider--view-line elementor-widget elementor-widget-divider\" data-id=\"c28ea63\" data-element_type=\"widget\" data-widget_type=\"divider.default\">\n<div class=\"elementor-widget-container\">\n<div class=\"elementor-divider\"><\/div>\n<\/div>\n<\/div>\n<\/div>\n<\/div>\n<\/div>\n<\/div>\n<\/div>\n<\/section>\n<section class=\"elementor-section elementor-inner-section elementor-element elementor-element-545dc50 elementor-section-boxed elementor-section-height-default elementor-section-height-default\" data-id=\"545dc50\" data-element_type=\"section\">\n<div class=\"elementor-container elementor-column-gap-default\">\n<div class=\"elementor-row\">\n<div class=\"elementor-column elementor-col-100 elementor-inner-column elementor-element elementor-element-8a0fbc3\" data-id=\"8a0fbc3\" data-element_type=\"column\">\n<div class=\"elementor-column-wrap elementor-element-populated\">\n<div class=\"elementor-widget-wrap\">\n<div class=\"elementor-element elementor-element-d0c8a21 elementor-align-left elementor-icon-list--layout-traditional elementor-list-item-link-full_width elementor-widget elementor-widget-icon-list\" data-id=\"d0c8a21\" data-element_type=\"widget\" data-widget_type=\"icon-list.default\">\n<div class=\"elementor-widget-container\">\n<ul class=\"elementor-icon-list-items\">\n<li class=\"elementor-icon-list-item\"><i class=\"fas fa-check\" aria-hidden=\"true\"><\/i><span class=\"elementor-icon-list-text\">Tener al menos 18 an\u0303os de edad.<\/span><\/li>\n<li class=\"elementor-icon-list-item\"><i class=\"fas fa-check\" aria-hidden=\"true\"><\/i><span class=\"elementor-icon-list-text\">D.N.I. \/ Pasaporte en Vigor.<\/span><\/li>\n<li class=\"elementor-icon-list-item\"><i class=\"fas fa-check\" aria-hidden=\"true\"><\/i><span class=\"elementor-icon-list-text\">Estar en posesi\u00f3n del curso de Piloto Avanzado de Drones o equivalencia nueva norma.<\/span><\/li>\n<\/ul>\n<\/div>\n<\/div>\n<div class=\"elementor-element elementor-element-8cacdba elementor-widget elementor-widget-text-editor\" data-id=\"8cacdba\" data-element_type=\"widget\" data-widget_type=\"text-editor.default\">\n<div class=\"elementor-widget-container\">\n<div class=\"elementor-text-editor elementor-clearfix\">\n<div class=\"page\" title=\"Page 3\">\n<div class=\"section\">\n<div class=\"layoutArea\">\n<div class=\"column\">\n<div class=\"page\" title=\"Page 3\">\n<div class=\"section\">\n<div class=\"layoutArea\">\n<div class=\"column\">Si no dispones de la titulacion m\u00ednima para realizar este curso, te recomendamos empezar por el\u00a0<a href=\"https:\/\/escueladronescantabria.com\/tienda\/producto\/pack-curso-categoria-abierta\/\" target=\"_blank\" rel=\"noopener\"><strong>Curso A2 Drones<\/strong><\/a>.<\/div>\n<div><\/div>\n<\/div>\n<\/div>\n<\/div>\n<\/div>\n<\/div>\n<\/div>\n<\/div>\n<\/div>\n<\/div>\n<\/div>\n<\/div>\n<\/div>\n<\/div>\n<\/div>\n<\/div>\n<\/section>\n<section class=\"elementor-section elementor-inner-section elementor-element elementor-element-5688381 elementor-section-boxed elementor-section-height-default elementor-section-height-default\" data-id=\"5688381\" data-element_type=\"section\">\n<div class=\"elementor-container elementor-column-gap-default\">\n<div class=\"elementor-row\">\n<div class=\"elementor-column elementor-col-50 elementor-inner-column elementor-element elementor-element-6c22a16\" data-id=\"6c22a16\" data-element_type=\"column\">\n<div class=\"elementor-column-wrap elementor-element-populated\">\n<div class=\"elementor-widget-wrap\">\n<div class=\"elementor-element elementor-element-478c6bb elementor-widget elementor-widget-heading animated fadeInLeft\" data-id=\"478c6bb\" data-element_type=\"widget\" data-settings=\"{&quot;_animation&quot;:&quot;fadeInLeft&quot;}\" data-widget_type=\"heading.default\">\n<div class=\"elementor-widget-container\">\n<h2 class=\"elementor-heading-title elementor-size-default\"><span style=\"color: #000000;\"><strong>FORMACI\u00d3N<\/strong><\/span><\/h2>\n<\/div>\n<\/div>\n<\/div>\n<\/div>\n<\/div>\n<div class=\"elementor-column elementor-col-50 elementor-inner-column elementor-element elementor-element-ed5684f animated fadeInRight\" data-id=\"ed5684f\" data-element_type=\"column\" data-settings=\"{&quot;animation&quot;:&quot;fadeInRight&quot;}\">\n<div class=\"elementor-column-wrap elementor-element-populated\">\n<div class=\"elementor-widget-wrap\">\n<div class=\"elementor-element elementor-element-2f28590 elementor-widget-divider--separator-type-pattern elementor-widget-divider--view-line elementor-widget elementor-widget-divider\" data-id=\"2f28590\" data-element_type=\"widget\" data-widget_type=\"divider.default\">\n<div class=\"elementor-widget-container\">\n<div class=\"elementor-divider\"><\/div>\n<\/div>\n<\/div>\n<\/div>\n<\/div>\n<\/div>\n<\/div>\n<\/div>\n<\/section>\n<section class=\"elementor-section elementor-inner-section elementor-element elementor-element-0f23259 elementor-section-boxed elementor-section-height-default elementor-section-height-default\" data-id=\"0f23259\" data-element_type=\"section\">\n<div class=\"elementor-container elementor-column-gap-default\">\n<div class=\"elementor-row\">\n<div class=\"elementor-column elementor-col-100 elementor-inner-column elementor-element elementor-element-f42597a\" data-id=\"f42597a\" data-element_type=\"column\">\n<div class=\"elementor-column-wrap elementor-element-populated\">\n<div class=\"elementor-widget-wrap\">\n<div class=\"elementor-element elementor-element-e5247c3 elementor-widget elementor-widget-text-editor\" data-id=\"e5247c3\" data-element_type=\"widget\" data-widget_type=\"text-editor.default\">\n<div class=\"elementor-widget-container\">\n<div class=\"elementor-text-editor elementor-clearfix\">\n<div class=\"page\" title=\"Page 3\">\n<div class=\"section\">\n<div class=\"layoutArea\">\n<div class=\"column\">\n<div class=\"page\" title=\"Page 3\">\n<div class=\"section\">\n<div class=\"layoutArea\">\n<div>MODALIDAD \/ 100% ONLINE<\/div>\n<\/div>\n<\/div>\n<\/div>\n<\/div>\n<\/div>\n<\/div>\n<\/div>\n<\/div>\n<\/div>\n<\/div>\n<\/div>\n<\/div>\n<\/div>\n<\/div>\n<\/div>\n<\/section>\n<section class=\"elementor-section elementor-inner-section elementor-element elementor-element-08a48a9 elementor-section-boxed elementor-section-height-default elementor-section-height-default\" data-id=\"08a48a9\" data-element_type=\"section\">\n<div class=\"elementor-container elementor-column-gap-default\">\n<div class=\"elementor-row\">\n<div class=\"elementor-column elementor-col-50 elementor-inner-column elementor-element elementor-element-f4f1672\" data-id=\"f4f1672\" data-element_type=\"column\">\n<div class=\"elementor-column-wrap elementor-element-populated\">\n<div class=\"elementor-widget-wrap\">\n<div class=\"elementor-element elementor-element-6e222b2 elementor-icon-list--layout-traditional elementor-list-item-link-full_width elementor-widget elementor-widget-icon-list\" data-id=\"6e222b2\" data-element_type=\"widget\" data-widget_type=\"icon-list.default\">\n<div class=\"elementor-widget-container\">\n<ul class=\"elementor-icon-list-items\">\n<li class=\"elementor-icon-list-item\"><i class=\"fas fa-check\" aria-hidden=\"true\"><\/i><span class=\"elementor-icon-list-text\">Curso Online 10 horas<\/span><\/li>\n<li class=\"elementor-icon-list-item\"><i class=\"fas fa-check\" aria-hidden=\"true\"><\/i><span class=\"elementor-icon-list-text\">Curso en video y contenido escrito<\/span><\/li>\n<li class=\"elementor-icon-list-item\"><i class=\"fas fa-check\" aria-hidden=\"true\"><\/i><span class=\"elementor-icon-list-text\">Ejercicios te\u00f3ricos<\/span><\/li>\n<\/ul>\n<\/div>\n<\/div>\n<\/div>\n<\/div>\n<\/div>\n<div class=\"elementor-column elementor-col-50 elementor-inner-column elementor-element elementor-element-6f60c1e\" data-id=\"6f60c1e\" data-element_type=\"column\">\n<div class=\"elementor-column-wrap elementor-element-populated\">\n<div class=\"elementor-widget-wrap\">\n<div class=\"elementor-element elementor-element-8806171 elementor-icon-list--layout-traditional elementor-list-item-link-full_width elementor-widget elementor-widget-icon-list\" data-id=\"8806171\" data-element_type=\"widget\" data-widget_type=\"icon-list.default\">\n<div class=\"elementor-widget-container\">\n<ul class=\"elementor-icon-list-items\">\n<li class=\"elementor-icon-list-item\"><i class=\"fas fa-check\" aria-hidden=\"true\"><\/i><span class=\"elementor-icon-list-text\">Banco de preguntas<\/span><\/li>\n<li class=\"elementor-icon-list-item\"><i class=\"fas fa-check\" aria-hidden=\"true\"><\/i><span class=\"elementor-icon-list-text\">Disponible desde el inicio<\/span><\/li>\n<li class=\"elementor-icon-list-item\"><i class=\"fas fa-check\" aria-hidden=\"true\"><\/i><span class=\"elementor-icon-list-text\">Acceso permanente<\/span><\/li>\n<\/ul>\n<\/div>\n<\/div>\n<\/div>\n<\/div>\n<\/div>\n<\/div>\n<\/div>\n<\/section>\n<section class=\"elementor-section elementor-inner-section elementor-element elementor-element-9677ab7 elementor-section-boxed elementor-section-height-default elementor-section-height-default\" data-id=\"9677ab7\" data-element_type=\"section\">\n<div class=\"elementor-container elementor-column-gap-default\">\n<div class=\"elementor-row\">\n<div class=\"elementor-column elementor-col-50 elementor-inner-column elementor-element elementor-element-848be04\" data-id=\"848be04\" data-element_type=\"column\">\n<div class=\"elementor-column-wrap elementor-element-populated\">\n<div class=\"elementor-widget-wrap\">\n<div class=\"elementor-element elementor-element-ddbfdd9 elementor-widget elementor-widget-heading animated fadeInLeft\" data-id=\"ddbfdd9\" data-element_type=\"widget\" data-settings=\"{&quot;_animation&quot;:&quot;fadeInLeft&quot;}\" data-widget_type=\"heading.default\">\n<div class=\"elementor-widget-container\">\n<h2 class=\"elementor-heading-title elementor-size-default\"><span style=\"color: #000000;\"><strong>TITULACI\u00d3N OBTENIDA<\/strong><\/span><\/h2>\n<\/div>\n<\/div>\n<\/div>\n<\/div>\n<\/div>\n<div class=\"elementor-column elementor-col-50 elementor-inner-column elementor-element elementor-element-8905f1a animated fadeInRight\" data-id=\"8905f1a\" data-element_type=\"column\" data-settings=\"{&quot;animation&quot;:&quot;fadeInRight&quot;}\">\n<div class=\"elementor-column-wrap elementor-element-populated\">\n<div class=\"elementor-widget-wrap\">\n<div class=\"elementor-element elementor-element-cf4a173 elementor-widget-divider--separator-type-pattern elementor-widget-divider--view-line elementor-widget elementor-widget-divider\" data-id=\"cf4a173\" data-element_type=\"widget\" data-widget_type=\"divider.default\">\n<div class=\"elementor-widget-container\">\n<div class=\"elementor-divider\"><\/div>\n<\/div>\n<\/div>\n<\/div>\n<\/div>\n<\/div>\n<\/div>\n<\/div>\n<\/section>\n<section class=\"elementor-section elementor-inner-section elementor-element elementor-element-53c3162 elementor-section-boxed elementor-section-height-default elementor-section-height-default\" data-id=\"53c3162\" data-element_type=\"section\">\n<div class=\"elementor-container elementor-column-gap-default\">\n<div class=\"elementor-row\">\n<div class=\"elementor-column elementor-col-100 elementor-inner-column elementor-element elementor-element-a2c53c7\" data-id=\"a2c53c7\" data-element_type=\"column\">\n<div class=\"elementor-column-wrap elementor-element-populated\">\n<div class=\"elementor-widget-wrap\">\n<div class=\"elementor-element elementor-element-87a36ae elementor-widget elementor-widget-text-editor\" data-id=\"87a36ae\" data-element_type=\"widget\" data-widget_type=\"text-editor.default\">\n<div class=\"elementor-widget-container\">\n<div class=\"elementor-text-editor elementor-clearfix\">\n<div class=\"page\" title=\"Page 3\">\n<div class=\"section\">\n<div class=\"layoutArea\">\n<div class=\"column\">\n<div class=\"page\" title=\"Page 3\">\n<div class=\"section\">\n<div class=\"layoutArea\">\n<div class=\"column\">\n<div>Al terminar el curso se obtendr\u00e1 1 Certificado Oficial reconocidas por la Agencia Estatal de Seguridad A\u00e9rea:<\/div>\n<\/div>\n<\/div>\n<\/div>\n<\/div>\n<\/div>\n<\/div>\n<\/div>\n<\/div>\n<\/div>\n<\/div>\n<\/div>\n<div class=\"elementor-element elementor-element-7985e2b elementor-align-left elementor-icon-list--layout-traditional elementor-list-item-link-full_width elementor-widget elementor-widget-icon-list\" data-id=\"7985e2b\" data-element_type=\"widget\" data-widget_type=\"icon-list.default\">\n<div class=\"elementor-widget-container\">\n<ul class=\"elementor-icon-list-items\">\n<li class=\"elementor-icon-list-item\"><i class=\"fas fa-angle-double-right\" aria-hidden=\"true\"><\/i><span class=\"elementor-icon-list-text\"><b>Calificaci\u00f3n Oficial de Radiofonista.<\/b><\/span><\/li>\n<\/ul>\n<\/div>\n<\/div>\n<div class=\"elementor-element elementor-element-1e4a43c elementor-widget elementor-widget-text-editor\" data-id=\"1e4a43c\" data-element_type=\"widget\" data-widget_type=\"text-editor.default\">\n<div class=\"elementor-widget-container\">\n<div class=\"elementor-text-editor elementor-clearfix\">\n<div class=\"page\" title=\"Page 3\">\n<div class=\"section\">\n<div class=\"layoutArea\">\n<div class=\"column\">\n<div class=\"page\" title=\"Page 3\">\n<div class=\"section\">\n<div class=\"layoutArea\">\n<div class=\"column\">\n<div>Para realizar vuelos fuera del territorio nacional deber\u00e1s contar con el\u00a0certificado de ingl\u00e9s OACI, con un nivel m\u00ednimo 4.<\/div>\n<\/div>\n<\/div>\n<\/div>\n<\/div>\n<\/div>\n<\/div>\n<\/div>\n<\/div>\n<\/div>\n<\/div>\n<\/div>\n<\/div>\n<\/div>\n<\/div>\n<\/div>\n<\/div>\n<\/section>\n<section class=\"elementor-section elementor-inner-section elementor-element elementor-element-2e172e9 elementor-section-boxed elementor-section-height-default elementor-section-height-default\" data-id=\"2e172e9\" data-element_type=\"section\">\n<div class=\"elementor-container elementor-column-gap-default\">\n<div class=\"elementor-row\">\n<div class=\"elementor-column elementor-col-100 elementor-inner-column elementor-element elementor-element-e17cc5a\" data-id=\"e17cc5a\" data-element_type=\"column\">\n<div class=\"elementor-column-wrap elementor-element-populated\">\n<div class=\"elementor-widget-wrap\">\n<div class=\"elementor-element elementor-element-a8b4773 elementor-widget elementor-widget-image\" data-id=\"a8b4773\" data-element_type=\"widget\" data-widget_type=\"image.default\">\n<div class=\"elementor-widget-container\">\n<div class=\"elementor-image\"><a href=\"https:\/\/www.easa.europa.eu\/the-agency\/faqs\/drones-uas\" target=\"_blank\" rel=\"noopener\"><img loading=\"lazy\" decoding=\"async\" class=\"attachment-large size-large\" title=\"RADIOFONISTA 4\" src=\"https:\/\/worldaviationato.com\/backend\/wp-content\/uploads\/Distintivos-Drones-01.svg\" alt=\"RADIOFONISTA 3\" width=\"800\" height=\"800\" \/><\/a><\/div>\n<\/div>\n<\/div>\n<div class=\"elementor-element elementor-element-2964b7c elementor-widget elementor-widget-image\" data-id=\"2964b7c\" data-element_type=\"widget\" data-widget_type=\"image.default\">\n<div class=\"elementor-widget-container\">\n<div class=\"elementor-image\"><img loading=\"lazy\" decoding=\"async\" class=\"attachment-full size-full\" title=\"RADIOFONISTA 5\" src=\"https:\/\/worldaviationato.com\/backend\/wp-content\/uploads\/TItulo.jpg\" sizes=\"auto, (max-width: 1920px) 100vw, 1920px\" srcset=\"https:\/\/worldaviationato.com\/backend\/wp-content\/uploads\/TItulo.jpg 1920w, https:\/\/worldaviationato.com\/backend\/wp-content\/uploads\/TItulo-300x200.jpg 300w, https:\/\/worldaviationato.com\/backend\/wp-content\/uploads\/TItulo-1024x683.jpg 1024w, https:\/\/worldaviationato.com\/backend\/wp-content\/uploads\/TItulo-768x512.jpg 768w, https:\/\/worldaviationato.com\/backend\/wp-content\/uploads\/TItulo-1536x1025.jpg 1536w\" alt=\"Certificado oficial de radiofonista profesional para drones AESA\" width=\"1920\" height=\"1281\" \/><\/div>\n<\/div>\n<\/div>\n<\/div>\n<\/div>\n<\/div>\n<\/div>\n<\/div>\n<\/section>\n","protected":false},"excerpt":{"rendered":"<h4 data-elementor-setting-key=\"title\" data-pen-placeholder=\"Teclea aqu\u00ed...\"><span style=\"color: #000000;\"><strong>Curso oficial de radiofonista profesional para drones AESA.<\/strong><\/span><\/h4>\n<h4><span style=\"color: #000000;\"><b>T\u00edtulo Oficial de Radiofonista para pilotos de Drones<\/b>\u00a0<strong>que pretendan realizar<\/strong>\u00a0<b>operaciones a\u00e9reas especializadas en espacio a\u00e9reo controlado (zonas CTR).<\/b><\/span><\/h4>\n","protected":false},"featured_media":76,"comment_status":"closed","ping_status":"closed","template":"","meta":[],"product_cat":[15],"product_tag":[],"class_list":{"0":"post-75","1":"product","2":"type-product","3":"status-publish","4":"has-post-thumbnail","6":"product_cat-radiofonista","8":"first","9":"instock","10":"sale","11":"shipping-taxable","12":"purchasable","13":"product-type-simple"},"_links":{"self":[{"href":"https:\/\/escueladronescantabria.com\/tienda\/wp-json\/wp\/v2\/product\/75","targetHints":{"allow":["GET"]}}],"collection":[{"href":"https:\/\/escueladronescantabria.com\/tienda\/wp-json\/wp\/v2\/product"}],"about":[{"href":"https:\/\/escueladronescantabria.com\/tienda\/wp-json\/wp\/v2\/types\/product"}],"replies":[{"embeddable":true,"href":"https:\/\/escueladronescantabria.com\/tienda\/wp-json\/wp\/v2\/comments?post=75"}],"wp:featuredmedia":[{"embeddable":true,"href":"https:\/\/escueladronescantabria.com\/tienda\/wp-json\/wp\/v2\/media\/76"}],"wp:attachment":[{"href":"https:\/\/escueladronescantabria.com\/tienda\/wp-json\/wp\/v2\/media?parent=75"}],"wp:term":[{"taxonomy":"product_cat","embeddable":true,"href":"https:\/\/escueladronescantabria.com\/tienda\/wp-json\/wp\/v2\/product_cat?post=75"},{"taxonomy":"product_tag","embeddable":true,"href":"https:\/\/escueladronescantabria.com\/tienda\/wp-json\/wp\/v2\/product_tag?post=75"}],"curies":[{"name":"wp","href":"https:\/\/api.w.org\/{rel}","templated":true}]}}